

{"id":7733,"date":"2024-12-11T15:50:09","date_gmt":"2024-12-11T13:50:09","guid":{"rendered":"http:\/\/lepharedukanaal.com\/nl\/cafe-biscuiterie\/"},"modified":"2026-01-30T14:26:11","modified_gmt":"2026-01-30T12:26:11","slug":"restaurant","status":"publish","type":"page","link":"https:\/\/lepharedukanaal.com\/nl\/restaurant\/","title":{"rendered":"Restaurant"},"content":{"rendered":"<div class=\"wpb-content-wrapper\"><p>[vc_row row_height_type=&#8221;fixed_height&#8221; height=&#8221;400px&#8221; top=&#8221;0px&#8221; bottom=&#8221;0px&#8221; content_fadeout=&#8221;content-fadeout&#8221; bg_type=&#8221;image&#8221; parallax_bg=&#8221;parallax-bg&#8221; bg_cover=&#8221;cover&#8221; bg_position=&#8221;Center bottom&#8221; slope_bottom=&#8221;slope-bottom&#8221; bg_color=&#8221;#336666&#8243; bg_image=&#8221;18499&#8243; overlay_color=&#8221;rgba(24,22,57,0.32)&#8221;][vc_column][vc_heading h_size=&#8221;h-superlarge&#8221; title=&#8221;CAF\u00c9-KANTINE&#8221; title_tag=&#8221;h2&#8243; title_color=&#8221;#ffffff&#8221; subtitle=&#8221;Lekker, lokaal, huisgemaakt&#8221; subtitle_tag=&#8221;h3&#8243; subtitle_color=&#8221;#ffffff&#8221;][\/vc_column][\/vc_row][vc_row textalign=&#8221;center&#8221;][vc_column][vc_heading h_size=&#8221;h-large&#8221; title=&#8221;WELKOM IN LE PHARE DU KANAAL&#8221; title_tag=&#8221;h2&#8243; title_color=&#8221;#363b3e&#8221; subtitle=&#8221;Zoete en hartige gerechten met liefde gemaakt, gratis wifi&#8221; subtitle_tag=&#8221;h3&#8243; subtitle_color=&#8221;#363b3e&#8221; divider=&#8221;div-below&#8221; divider_color=&#8221;#195c65&#8243;][\/vc_column][\/vc_row][vc_row top=&#8221;0px&#8221; bottom=&#8221;30px&#8221; textalign=&#8221;center&#8221;][vc_column width=&#8221;1\/12&#8243;][vc_column_text]<br \/>\n[\/vc_column_text][\/vc_column][vc_column width=&#8221;10\/12&#8243;][vc_column_text css_animation=&#8221;bottom-to-top&#8221;]<span style=\"font-size: 24px; font-weight: 200; color: #363b3e;\">Wij staan voor waarden die ons nauw aan het hart liggen: <strong>de smaak, het lokale, het artisanale<\/strong>. Onze producten zijn met zorg geselecteerd en bereid. Gratis wifi in de kantine.<\/span>[\/vc_column_text][\/vc_column][vc_column width=&#8221;1\/12&#8243;][vc_column_text]<br \/>\n[\/vc_column_text][\/vc_column][\/vc_row][vc_row top=&#8221;20px&#8221; bottom=&#8221;20px&#8221; textalign=&#8221;center&#8221;][vc_column width=&#8221;1\/4&#8243;][vc_button title=&#8221;Menu&#8221; size=&#8221;btn-medium&#8221; border_radius=&#8221;round&#8221; link=&#8221;url:https%3A%2F%2Fwww.canva.com%2Fdesign%2FDAGe5aVuRCA%2FSfya_5zMgsBNRQMaxR9QXw%2Fview%3Futm_content%3DDAGe5aVuRCA%26utm_campaign%3Ddesignshare%26utm_medium%3Dlink2%26utm_source%3Duniquelinks%26utlId%3Dh8db9608e52|target:_blank&#8221;][\/vc_column][vc_column width=&#8221;1\/4&#8243;][vc_button title=&#8221;Today&#8217;s lunch&#8221; size=&#8221;btn-medium&#8221; border_radius=&#8221;round&#8221; link=&#8221;url:https%3A%2F%2Fwww.canva.com%2Fdesign%2FDAFULv5wtfA%2Fia5B6gH3CvEIGw-d5y9cWg%2Fview%3Futm_content%3DDAFULv5wtfA%26utm_campaign%3Ddesignshare%26utm_medium%3Dlink%26utm_source%3Dpublishsharelink|title:Menu%20van%20de%20dag|target:_blank&#8221;][\/vc_column][vc_column width=&#8221;1\/4&#8243;][vc_button title=&#8221;Brunch&#8221; size=&#8221;btn-medium&#8221; border_radius=&#8221;round&#8221; link=&#8221;url:https%3A%2F%2Fwww.canva.com%2Fdesign%2FDAGCGwgyNMM%2FgcszN73FpE7xJAT1nZWNvg%2Fview%3Futm_content%3DDAGCGwgyNMM%26utm_campaign%3Ddesignshare%26utm_medium%3Dlink%26utm_source%3Deditor|title:Brunch|target:_blank&#8221;][\/vc_column][vc_column width=&#8221;1\/4&#8243;][vc_button title=&#8221;Gift Cards&#8221; size=&#8221;btn-medium&#8221; border_radius=&#8221;round&#8221; link=&#8221;url:http%3A%2F%2Flepharedukanaal.com%2Fgiftcards|title:Gift%20Cards|target:_blank&#8221;][\/vc_column][\/vc_row][vc_row top=&#8221;160px&#8221; bottom=&#8221;0px&#8221; slope_top=&#8221;slope-top&#8221; slope_top_dir=&#8221;slope-top-right&#8221; bg_color=&#8221;#195c65&#8243;][vc_column width=&#8221;1\/2&#8243;][vc_service icon_fontawesome=&#8221;fas fa-utensils&#8221; title=&#8221;Lunch van het seizoen&#8221; title_tag=&#8221;h6&#8243; icon_position=&#8221;sb_right&#8221; css_animation=&#8221;left-to-right&#8221; icon_color=&#8221;#ffffff&#8221; heading_color=&#8221;#ffffff&#8221; descr_color=&#8221;#ffffff&#8221;]Maandag tot vrijdag, vanaf 11u30, zorgen onze chefs voor een aanbod aan gezonde en lekkere gerechten[\/vc_service][vc_empty_space height=&#8221;40px&#8221;][vc_service icon_fontawesome=&#8221;fas fa-egg&#8221; title=&#8221;Weekend brunch&#8221; title_tag=&#8221;h6&#8243; icon_position=&#8221;sb_right&#8221; css_animation=&#8221;left-to-right&#8221; icon_color=&#8221;#ffffff&#8221; heading_color=&#8221;#ffffff&#8221; descr_color=&#8221;#ffffff&#8221;]Van 10h30 tot 14h30, zoete en hartige gerechten, huisgemaakte drankjes: 25\u20ac alles inbegrepen[\/vc_service][vc_empty_space height=&#8221;40px&#8221;][vc_service icon_fontawesome=&#8221;fab fa-pagelines&#8221; title=&#8221;Veggie opties&#8221; title_tag=&#8221;h6&#8243; icon_position=&#8221;sb_right&#8221; css_animation=&#8221;left-to-right&#8221; icon_color=&#8221;#ffffff&#8221; heading_color=&#8221;#ffffff&#8221; descr_color=&#8221;#ffffff&#8221;]Voor elke brunch en lunch, vegetarische alternatieven[\/vc_service][vc_empty_space height=&#8221;40px&#8221;][\/vc_column][vc_column width=&#8221;1\/2&#8243;][vc_empty_space height=&#8221;40px&#8221;][vc_service icon_fontawesome=&#8221;fas fa-cookie&#8221; title=&#8221;Sweet break&#8221; title_tag=&#8221;h6&#8243; css_animation=&#8221;right-to-left&#8221; icon_color=&#8221;#ffffff&#8221; heading_color=&#8221;#ffffff&#8221; descr_color=&#8221;#ffffff&#8221;]Je zal onze zelfgemaakte taarten, koekjes en cakes niet kunnen weerstaan[\/vc_service][vc_empty_space height=&#8221;40px&#8221;][vc_service icon_fontawesome=&#8221;fas fa-glass-martini&#8221; title=&#8221;Afterwork&#8221; title_tag=&#8221;h6&#8243; css_animation=&#8221;right-to-left&#8221; icon_color=&#8221;#ffffff&#8221; heading_color=&#8221;#ffffff&#8221; descr_color=&#8221;#ffffff&#8221;]Er gaat niets boven tapas geserveerd met sappen\/cocktails van het huis, natuurlijke wijn, Belgische bieren\u2026 Profiteer van een Happy Hour van maandag tot vrijdag, van 18h tot 19h (\u00e9\u00e9n drankje gekocht = \u00e9\u00e9n drankje gratis op de hele kaart).[\/vc_service][vc_empty_space height=&#8221;40px&#8221;][\/vc_column][\/vc_row][vc_row top=&#8221;30px&#8221; bottom=&#8221;80px&#8221;][vc_column width=&#8221;1\/3&#8243;][vc_service icon_fontawesome=&#8221;fa fa-calendar&#8221; title=&#8221;Volgens de seizoenen&#8221; title_tag=&#8221;h6&#8243; icon_position=&#8221;sb_center&#8221; icon_shape=&#8221;service-circle&#8221; icon_hover_1=&#8221;h-scale&#8221; css_animation=&#8221;bottom-to-top&#8221; icon_color=&#8221;#195c65&#8243; border_color=&#8221;#336666&#8243; heading_color=&#8221;#363b3e&#8221; descr_color=&#8221;#363b3e&#8221;]Proef onze gerechten die mee evolueren samen met de seizoenen[\/vc_service][\/vc_column][vc_column width=&#8221;1\/3&#8243;][vc_service icon_fontawesome=&#8221;fas fa-map-marker-alt&#8221; title=&#8221;Lokaal producten&#8221; title_tag=&#8221;h6&#8243; icon_position=&#8221;sb_center&#8221; icon_shape=&#8221;service-circle&#8221; icon_hover_1=&#8221;h-scale&#8221; css_animation=&#8221;bottom-to-top&#8221; icon_color=&#8221;#195c65&#8243; border_color=&#8221;#336666&#8243; heading_color=&#8221;#363b3e&#8221; descr_color=&#8221;#363b3e&#8221;]Ontdek de know-how van onze unieke Belgische producenten<br \/>\n[\/vc_service][\/vc_column][vc_column width=&#8221;1\/3&#8243;][vc_service icon_fontawesome=&#8221;fas fa-home&#8221; title=&#8221;Huisgemaakt&#8221; title_tag=&#8221;h6&#8243; icon_position=&#8221;sb_center&#8221; icon_shape=&#8221;service-circle&#8221; icon_hover_1=&#8221;h-scale&#8221; css_animation=&#8221;bottom-to-top&#8221; icon_color=&#8221;#195c65&#8243; border_color=&#8221;#336666&#8243; heading_color=&#8221;#363b3e&#8221; descr_color=&#8221;#363b3e&#8221;]Homemade with love[\/vc_service][\/vc_column][\/vc_row][vc_row full_content_width=&#8221;row-inner-full&#8221; top=&#8221;15px&#8221; bottom=&#8221;15px&#8221; bg_color=&#8221;#195c65&#8243; font_color=&#8221;#ffffff&#8221;][vc_column font_color=&#8221;#ffffff&#8221;][vc_promo_box b_text=&#8221;Let&#8217;s go!&#8221; b_radius=&#8221;23px&#8221; bh_radius=&#8221;23px&#8221; text=&#8221;<strong>Ik reserveer nu<\/strong> een tafel&#8221; text_color=&#8221;#ffffff&#8221; bg_color=&#8221;#195c65&#8243; link=&#8221;url:https%3A%2F%2Flepharedukanaal.com%2Fbooking&#8221; b_bg_color=&#8221;#f7ad00&#8243; b_border_color=&#8221;#ffffff&#8221; b_text_color=&#8221;#ffffff&#8221; bh_text_color=&#8221;#f7ad00&#8243; bh_bg_color=&#8221;#f7ad00&#8243; el_class=&#8221;cta-blanc-grand&#8221; bh_border_color=&#8221;#ffffff&#8221;][\/vc_column][\/vc_row]<\/p>\n<\/div>","protected":false},"excerpt":{"rendered":"[vc_row row_height_type=&#8221;fixed_height&#8221; height=&#8221;400px&#8221; top=&#8221;0px&#8221; bottom=&#8221;0px&#8221; content_fadeout=&#8221;content-fadeout&#8221; bg_type=&#8221;image&#8221; parallax_bg=&#8221;parallax-bg&#8221; bg_cover=&#8221;cover&#8221; bg_position=&#8221;Center bottom&#8221; slope_bottom=&#8221;slope-bottom&#8221; bg_color=&#8221;#336666&#8243; bg_image=&#8221;18499&#8243; overlay_color=&#8221;rgba(24,22,57,0.32)&#8221;][vc_column][vc_heading h_size=&#8221;h-superlarge&#8221; title=&#8221;CAF\u00c9-KANTINE&#8221; title_tag=&#8221;h2&#8243; title_color=&#8221;#ffffff&#8221; subtitle=&#8221;Lekker, lokaal, huisgemaakt&#8221; subtitle_tag=&#8221;h3&#8243; subtitle_color=&#8221;#ffffff&#8221;][\/vc_column][\/vc_row][vc_row textalign=&#8221;center&#8221;][vc_column][vc_heading h_size=&#8221;h-large&#8221; title=&#8221;WELKOM IN LE PHARE DU KANAAL&#8221; title_tag=&#8221;h2&#8243; title_color=&#8221;#363b3e&#8221; subtitle=&#8221;Zoete en hartige gerechten met liefde gemaakt, gratis wifi&#8221; subtitle_tag=&#8221;h3&#8243; subtitle_color=&#8221;#363b3e&#8221; divider=&#8221;div-below&#8221; divider_color=&#8221;#195c65&#8243;][\/vc_column][\/vc_row][vc_row top=&#8221;0px&#8221; bottom=&#8221;30px&#8221; textalign=&#8221;center&#8221;][vc_column width=&#8221;1\/12&#8243;][vc_column_text] [\/vc_column_text][\/vc_column][vc_column width=&#8221;10\/12&#8243;][vc_column_text css_animation=&#8221;bottom-to-top&#8221;]Wij staan voor waarden die ons nauw aan het hart liggen: de smaak, het lokale, het artisanale. Onze producten zijn met zorg&#8230;  <div class=\"read-more\"><a class=\"excerpt-read-more\" href=\"https:\/\/lepharedukanaal.com\/nl\/restaurant\/\" title=\"Continue reading Restaurant\">Read more<i class=\"fa fa-angle-right\"><\/i><\/a><\/div>","protected":false},"author":12,"featured_media":0,"parent":0,"menu_order":0,"comment_status":"open","ping_status":"closed","template":"page-full-width.php","meta":{"footnotes":""},"class_list":["post-7733","page","type-page","status-publish","hentry"],"yoast_head":"<!-- This site is optimized with the Yoast SEO plugin v26.6 - https:\/\/yoast.com\/wordpress\/plugins\/seo\/ -->\n<title>Le Phare du Kanaal<\/title>\n<meta name=\"description\" content=\"Le Phare du Kanaal, restaurant en vergaderzalen: met liefde bereide hartige en zoete hapjes, huisgemaakte drankjes, gratis wifi.\" \/>\n<meta name=\"robots\" content=\"index, follow, max-snippet:-1, max-image-preview:large, max-video-preview:-1\" \/>\n<link rel=\"canonical\" href=\"https:\/\/lepharedukanaal.com\/nl\/restaurant\/\" \/>\n<meta property=\"og:locale\" content=\"nl_NL\" \/>\n<meta property=\"og:type\" content=\"article\" \/>\n<meta property=\"og:title\" content=\"Le Phare du Kanaal\" \/>\n<meta property=\"og:description\" content=\"Le Phare du Kanaal, restaurant en vergaderzalen: met liefde bereide hartige en zoete hapjes, huisgemaakte drankjes, gratis wifi.\" \/>\n<meta property=\"og:url\" content=\"https:\/\/lepharedukanaal.com\/nl\/restaurant\/\" \/>\n<meta property=\"og:site_name\" content=\"Le Phare du Kanaal\" \/>\n<meta property=\"article:publisher\" content=\"https:\/\/www.facebook.com\/lepharedukanaal\" \/>\n<meta property=\"article:modified_time\" content=\"2026-01-30T12:26:11+00:00\" \/>\n<meta name=\"twitter:card\" content=\"summary_large_image\" \/>\n<meta name=\"twitter:site\" content=\"@lepharedukanaal\" \/>\n<meta name=\"twitter:label1\" content=\"Geschatte leestijd\" \/>\n\t<meta name=\"twitter:data1\" content=\"2 minuten\" \/>\n<script type=\"application\/ld+json\" class=\"yoast-schema-graph\">{\"@context\":\"https:\/\/schema.org\",\"@graph\":[{\"@type\":\"WebPage\",\"@id\":\"https:\/\/lepharedukanaal.com\/nl\/restaurant\/\",\"url\":\"https:\/\/lepharedukanaal.com\/nl\/restaurant\/\",\"name\":\"Le Phare du Kanaal\",\"isPartOf\":{\"@id\":\"https:\/\/lepharedukanaal.com\/#website\"},\"datePublished\":\"2024-12-11T13:50:09+00:00\",\"dateModified\":\"2026-01-30T12:26:11+00:00\",\"description\":\"Le Phare du Kanaal, restaurant en vergaderzalen: met liefde bereide hartige en zoete hapjes, huisgemaakte drankjes, gratis wifi.\",\"breadcrumb\":{\"@id\":\"https:\/\/lepharedukanaal.com\/nl\/restaurant\/#breadcrumb\"},\"inLanguage\":\"nl-NL\",\"potentialAction\":[{\"@type\":\"ReadAction\",\"target\":[\"https:\/\/lepharedukanaal.com\/nl\/restaurant\/\"]}]},{\"@type\":\"BreadcrumbList\",\"@id\":\"https:\/\/lepharedukanaal.com\/nl\/restaurant\/#breadcrumb\",\"itemListElement\":[{\"@type\":\"ListItem\",\"position\":1,\"name\":\"Home\",\"item\":\"https:\/\/lepharedukanaal.com\/nl\/\"},{\"@type\":\"ListItem\",\"position\":2,\"name\":\"Restaurant\"}]},{\"@type\":\"WebSite\",\"@id\":\"https:\/\/lepharedukanaal.com\/#website\",\"url\":\"https:\/\/lepharedukanaal.com\/\",\"name\":\"Le Phare du Kanaal\",\"description\":\"Eat, meet, celebrate\",\"potentialAction\":[{\"@type\":\"SearchAction\",\"target\":{\"@type\":\"EntryPoint\",\"urlTemplate\":\"https:\/\/lepharedukanaal.com\/?s={search_term_string}\"},\"query-input\":{\"@type\":\"PropertyValueSpecification\",\"valueRequired\":true,\"valueName\":\"search_term_string\"}}],\"inLanguage\":\"nl-NL\"}]}<\/script>\n<!-- \/ Yoast SEO plugin. -->","yoast_head_json":{"title":"Le Phare du Kanaal","description":"Le Phare du Kanaal, restaurant en vergaderzalen: met liefde bereide hartige en zoete hapjes, huisgemaakte drankjes, gratis wifi.","robots":{"index":"index","follow":"follow","max-snippet":"max-snippet:-1","max-image-preview":"max-image-preview:large","max-video-preview":"max-video-preview:-1"},"canonical":"https:\/\/lepharedukanaal.com\/nl\/restaurant\/","og_locale":"nl_NL","og_type":"article","og_title":"Le Phare du Kanaal","og_description":"Le Phare du Kanaal, restaurant en vergaderzalen: met liefde bereide hartige en zoete hapjes, huisgemaakte drankjes, gratis wifi.","og_url":"https:\/\/lepharedukanaal.com\/nl\/restaurant\/","og_site_name":"Le Phare du Kanaal","article_publisher":"https:\/\/www.facebook.com\/lepharedukanaal","article_modified_time":"2026-01-30T12:26:11+00:00","twitter_card":"summary_large_image","twitter_site":"@lepharedukanaal","twitter_misc":{"Geschatte leestijd":"2 minuten"},"schema":{"@context":"https:\/\/schema.org","@graph":[{"@type":"WebPage","@id":"https:\/\/lepharedukanaal.com\/nl\/restaurant\/","url":"https:\/\/lepharedukanaal.com\/nl\/restaurant\/","name":"Le Phare du Kanaal","isPartOf":{"@id":"https:\/\/lepharedukanaal.com\/#website"},"datePublished":"2024-12-11T13:50:09+00:00","dateModified":"2026-01-30T12:26:11+00:00","description":"Le Phare du Kanaal, restaurant en vergaderzalen: met liefde bereide hartige en zoete hapjes, huisgemaakte drankjes, gratis wifi.","breadcrumb":{"@id":"https:\/\/lepharedukanaal.com\/nl\/restaurant\/#breadcrumb"},"inLanguage":"nl-NL","potentialAction":[{"@type":"ReadAction","target":["https:\/\/lepharedukanaal.com\/nl\/restaurant\/"]}]},{"@type":"BreadcrumbList","@id":"https:\/\/lepharedukanaal.com\/nl\/restaurant\/#breadcrumb","itemListElement":[{"@type":"ListItem","position":1,"name":"Home","item":"https:\/\/lepharedukanaal.com\/nl\/"},{"@type":"ListItem","position":2,"name":"Restaurant"}]},{"@type":"WebSite","@id":"https:\/\/lepharedukanaal.com\/#website","url":"https:\/\/lepharedukanaal.com\/","name":"Le Phare du Kanaal","description":"Eat, meet, celebrate","potentialAction":[{"@type":"SearchAction","target":{"@type":"EntryPoint","urlTemplate":"https:\/\/lepharedukanaal.com\/?s={search_term_string}"},"query-input":{"@type":"PropertyValueSpecification","valueRequired":true,"valueName":"search_term_string"}}],"inLanguage":"nl-NL"}]}},"_links":{"self":[{"href":"https:\/\/lepharedukanaal.com\/nl\/wp-json\/wp\/v2\/pages\/7733","targetHints":{"allow":["GET"]}}],"collection":[{"href":"https:\/\/lepharedukanaal.com\/nl\/wp-json\/wp\/v2\/pages"}],"about":[{"href":"https:\/\/lepharedukanaal.com\/nl\/wp-json\/wp\/v2\/types\/page"}],"author":[{"embeddable":true,"href":"https:\/\/lepharedukanaal.com\/nl\/wp-json\/wp\/v2\/users\/12"}],"replies":[{"embeddable":true,"href":"https:\/\/lepharedukanaal.com\/nl\/wp-json\/wp\/v2\/comments?post=7733"}],"version-history":[{"count":2,"href":"https:\/\/lepharedukanaal.com\/nl\/wp-json\/wp\/v2\/pages\/7733\/revisions"}],"predecessor-version":[{"id":25304,"href":"https:\/\/lepharedukanaal.com\/nl\/wp-json\/wp\/v2\/pages\/7733\/revisions\/25304"}],"wp:attachment":[{"href":"https:\/\/lepharedukanaal.com\/nl\/wp-json\/wp\/v2\/media?parent=7733"}],"curies":[{"name":"wp","href":"https:\/\/api.w.org\/{rel}","templated":true}]}}